{"id":628,"date":"2024-07-22T14:02:40","date_gmt":"2024-07-22T12:02:40","guid":{"rendered":"https:\/\/lekarentwincity.sk\/?page_id=628"},"modified":"2024-12-05T11:55:06","modified_gmt":"2024-12-05T10:55:06","slug":"vyuzite-rychly-odber-sluzbu-ktora-setri-vas-cas","status":"publish","type":"page","link":"https:\/\/lekarentwincity.sk\/index.php\/vyuzite-rychly-odber-sluzbu-ktora-setri-vas-cas\/","title":{"rendered":"Vyu\u017eite r\u00fdchly odber \u2013 slu\u017ebu, ktor\u00e1 \u0161etr\u00ed v\u00e1\u0161 \u010das"},"content":{"rendered":"\t\t<div data-elementor-type=\"wp-page\" data-elementor-id=\"628\" class=\"elementor elementor-628\">\n\t\t\t\t<div class=\"elementor-element elementor-element-f9d4341 e-flex e-con-boxed parallax_section_no qode_elementor_container_no e-con e-parent\" data-id=\"f9d4341\" data-element_type=\"container\" data-e-type=\"container\">\n\t\t\t\t\t<div class=\"e-con-inner\">\n\t\t\t\t<div class=\"elementor-element elementor-element-a9227e5 elementor-widget elementor-widget-text-editor\" data-id=\"a9227e5\" data-element_type=\"widget\" data-e-type=\"widget\" data-widget_type=\"text-editor.default\">\n\t\t\t\t<div class=\"elementor-widget-container\">\n\t\t\t\t\t\t\t\t\t<p class=\"western\" align=\"justify\"><span style=\"font-size: medium;\">U\u0161etrite \u010das str\u00e1ven\u00fd h\u013eadan\u00edm lieku alebo ob\u013e\u00faben\u00e9ho vo\u013enopredajn\u00e9ho produktu po lek\u00e1r\u0148ach. Informujte sa o ich aktu\u00e1lnej dostupnosti u n\u00e1s. Ak vybran\u00fd produkt na sklade moment\u00e1lne nem\u00e1me, m\u00f4\u017eete si ho objedna\u0165 a po dohode s na\u0161imi farmaceutkami v\u00e1m ho priprav\u00edme na vopred dohodnut\u00fd \u010das. <\/span><\/p>\t\t\t\t\t\t\t\t<\/div>\n\t\t\t\t<\/div>\n\t\t\t\t<div class=\"elementor-element elementor-element-71d89b0 elementor-widget elementor-widget-heading\" data-id=\"71d89b0\" data-element_type=\"widget\" data-e-type=\"widget\" data-widget_type=\"heading.default\">\n\t\t\t\t<div class=\"elementor-widget-container\">\n\t\t\t\t\t<h2 class=\"elementor-heading-title elementor-size-default\">Kontaktujte n\u00e1s:\n<\/h2>\t\t\t\t<\/div>\n\t\t\t\t<\/div>\n\t\t\t\t<div class=\"elementor-element elementor-element-f4cb510 elementor-widget elementor-widget-heading\" data-id=\"f4cb510\" data-element_type=\"widget\" data-e-type=\"widget\" data-widget_type=\"heading.default\">\n\t\t\t\t<div class=\"elementor-widget-container\">\n\t\t\t\t\t<h2 class=\"elementor-heading-title elementor-size-default\">0905 511 037 \n\n<\/h2>\t\t\t\t<\/div>\n\t\t\t\t<\/div>\n\t\t\t\t<div class=\"elementor-element elementor-element-e107df3 elementor-widget elementor-widget-heading\" data-id=\"e107df3\" data-element_type=\"widget\" data-e-type=\"widget\" data-widget_type=\"heading.default\">\n\t\t\t\t<div class=\"elementor-widget-container\">\n\t\t\t\t\t<h5 class=\"elementor-heading-title elementor-size-default\">info@lekarentwincity.sk \n\n<\/h5>\t\t\t\t<\/div>\n\t\t\t\t<\/div>\n\t\t\t\t<div class=\"elementor-element elementor-element-103f40f elementor-widget elementor-widget-text-editor\" data-id=\"103f40f\" data-element_type=\"widget\" data-e-type=\"widget\" data-widget_type=\"text-editor.default\">\n\t\t\t\t<div class=\"elementor-widget-container\">\n\t\t\t\t\t\t\t\t\t<p class=\"western\" align=\"justify\"><span style=\"font-size: medium;\">Pri v\u00fdbere objedn\u00e1vky prostredn\u00edctvom webovej str\u00e1nky, sta\u010d\u00ed ak vypln\u00edte dotazn\u00edk a odo\u0161lete n\u00e1m ho. Person\u00e1l lek\u00e1rne V\u00e1s bude informova\u0165 o aktu\u00e1lnej dostupnosti produktov, resp. term\u00edne, kedy bud\u00fa objednan\u00e9 produkty pripraven\u00e9 na odber. <\/span><\/p><p class=\"western\" align=\"justify\"><span style=\"font-size: medium;\">\u00a0<\/span><\/p>\t\t\t\t\t\t\t\t<\/div>\n\t\t\t\t<\/div>\n\t\t\t\t<div class=\"elementor-element elementor-element-5e81005 elementor-widget elementor-widget-text-editor\" data-id=\"5e81005\" data-element_type=\"widget\" data-e-type=\"widget\" data-widget_type=\"text-editor.default\">\n\t\t\t\t<div class=\"elementor-widget-container\">\n\t\t\t\t\t\t\t\t\t<p class=\"western\" align=\"justify\"><span style=\"font-size: medium;\"><strong>Vyzdvihnutie objedn\u00e1vky je mo\u017en\u00e9 len osobne v Lek\u00e1rni Twin City v r\u00e1mci otv\u00e1rac\u00edch hod\u00edn (Po-Pia 8:00-18:00) na adrese Karad\u017ei\u010dova 2, 81109 Bratislava.<\/strong> <\/span><\/p>\t\t\t\t\t\t\t\t<\/div>\n\t\t\t\t<\/div>\n\t\t\t\t<div class=\"elementor-element elementor-element-2164db3 elementor-widget elementor-widget-wpforms\" data-id=\"2164db3\" data-element_type=\"widget\" data-e-type=\"widget\" data-widget_type=\"wpforms.default\">\n\t\t\t\t<div class=\"elementor-widget-container\">\n\t\t\t\t\t<style id=\"wpforms-css-vars-elementor-widget-2164db3\">\n\t\t\t\t.elementor-widget-wpforms.elementor-element-2164db3 {\n\t\t\t\t--wpforms-button-background-color: #A76214;\n\n\t\t\t}\n\t\t\t<\/style><div class=\"wpforms-container wpforms-container-full wpforms-render-modern\" id=\"wpforms-789\"><form id=\"wpforms-form-789\" class=\"wpforms-validate wpforms-form wpforms-ajax-form\" data-formid=\"789\" method=\"post\" enctype=\"multipart\/form-data\" action=\"\/index.php\/wp-json\/wp\/v2\/pages\/628\" data-token=\"d4539dae8bf6203ffcb93ae775198bd2\" data-token-time=\"1777121415\"><noscript class=\"wpforms-error-noscript\">Please enable JavaScript in your browser to complete this form.<\/noscript><div id=\"wpforms-error-noscript\" style=\"display: none;\">Please enable JavaScript in your browser to complete this form.<\/div><div class=\"wpforms-field-container\"><div id=\"wpforms-789-field_0-container\" class=\"wpforms-field wpforms-field-name\" data-field-id=\"0\"><label class=\"wpforms-field-label\" for=\"wpforms-789-field_0\">Meno a priezvisko <span class=\"wpforms-required-label\" aria-hidden=\"true\">*<\/span><\/label><input type=\"text\" id=\"wpforms-789-field_0\" class=\"wpforms-field-medium wpforms-field-required\" name=\"wpforms[fields][0]\" aria-errormessage=\"wpforms-789-field_0-error\" required><\/div><div id=\"wpforms-789-field_3-container\" class=\"wpforms-field wpforms-field-name\" data-field-id=\"3\"><label class=\"wpforms-field-label\" for=\"wpforms-789-field_3\">Telef\u00f3nne \u010d\u00edslo: <span class=\"wpforms-required-label\" aria-hidden=\"true\">*<\/span><\/label><input type=\"text\" id=\"wpforms-789-field_3\" class=\"wpforms-field-medium wpforms-field-required\" name=\"wpforms[fields][3]\" aria-errormessage=\"wpforms-789-field_3-error\" required><\/div><div id=\"wpforms-789-field_1-container\" class=\"wpforms-field wpforms-field-email\" data-field-id=\"1\"><label class=\"wpforms-field-label\" for=\"wpforms-789-field_1\">Email <span class=\"wpforms-required-label\" aria-hidden=\"true\">*<\/span><\/label><input type=\"email\" id=\"wpforms-789-field_1\" class=\"wpforms-field-medium wpforms-field-required\" name=\"wpforms[fields][1]\" spellcheck=\"false\" aria-errormessage=\"wpforms-789-field_1-error\" required><\/div><div id=\"wpforms-789-field_2-container\" class=\"wpforms-field wpforms-field-textarea\" data-field-id=\"2\"><label class=\"wpforms-field-label\" for=\"wpforms-789-field_2\">Popis (n\u00e1zov vo\u013enopredajn\u00e9ho produktu \/ n\u00e1zov v\u00fd\u017eivov\u00e9ho doplnku \/ n\u00e1zov kozmetiky) a po\u010det kusov:<\/label><textarea id=\"wpforms-789-field_2\" class=\"wpforms-field-medium\" name=\"wpforms[fields][2]\" aria-errormessage=\"wpforms-789-field_2-error\" ><\/textarea><\/div><\/div><!-- .wpforms-field-container --><div class=\"wpforms-submit-container\" ><input type=\"hidden\" name=\"wpforms[id]\" value=\"789\"><input type=\"hidden\" name=\"page_title\" value=\"\"><input type=\"hidden\" name=\"page_url\" value=\"https:\/\/lekarentwincity.sk\/index.php\/wp-json\/wp\/v2\/pages\/628\"><input type=\"hidden\" name=\"url_referer\" value=\"\"><button type=\"submit\" name=\"wpforms[submit]\" id=\"wpforms-submit-789\" class=\"wpforms-submit\" data-alt-text=\"Odoslanie...\" data-submit-text=\"Odosla\u0165\" aria-live=\"assertive\" value=\"wpforms-submit\">Odosla\u0165<\/button><img decoding=\"async\" src=\"https:\/\/lekarentwincity.sk\/wp-content\/plugins\/wpforms-lite\/assets\/images\/submit-spin.svg\" class=\"wpforms-submit-spinner\" style=\"display: none;\" width=\"26\" height=\"26\" alt=\"Loading\"><\/div><\/form><\/div>  <!-- .wpforms-container -->\t\t\t\t<\/div>\n\t\t\t\t<\/div>\n\t\t\t\t<div class=\"elementor-element elementor-element-31bbc75 elementor-widget elementor-widget-google_maps\" data-id=\"31bbc75\" data-element_type=\"widget\" data-e-type=\"widget\" data-widget_type=\"google_maps.default\">\n\t\t\t\t<div class=\"elementor-widget-container\">\n\t\t\t\t\t\t\t<div class=\"elementor-custom-embed\">\n\t\t\t<iframe loading=\"lazy\"\n\t\t\t\t\tsrc=\"https:\/\/www.google.com\/maps\/embed\/v1\/place?key=AIzaSyCjp5wN6HHp-BR5EJw47HUXQPGt-s33BwU&#038;q=Karad%C5%BEi%C4%8Dova%202%2C%20Bratislava%2C%20Slovakia&#038;zoom=17\"\n\t\t\t\t\ttitle=\"Karad\u017ei\u010dova 2, Bratislava, Slovakia\"\n\t\t\t\t\taria-label=\"Karad\u017ei\u010dova 2, Bratislava, Slovakia\"\n\t\t\t><\/iframe>\n\t\t<\/div>\n\t\t\t\t\t\t<\/div>\n\t\t\t\t<\/div>\n\t\t\t\t\t<\/div>\n\t\t\t\t<\/div>\n\t\t\t\t<\/div>\n\t\t","protected":false},"excerpt":{"rendered":"<p>U\u0161etrite \u010das str\u00e1ven\u00fd h\u013eadan\u00edm lieku alebo ob\u013e\u00faben\u00e9ho vo\u013enopredajn\u00e9ho produktu po lek\u00e1r\u0148ach. Informujte sa o ich aktu\u00e1lnej dostupnosti u n\u00e1s. Ak vybran\u00fd produkt na sklade moment\u00e1lne nem\u00e1me, m\u00f4\u017eete si ho objedna\u0165 a po dohode s na\u0161imi farmaceutkami v\u00e1m ho priprav\u00edme na vopred dohodnut\u00fd \u010das. Kontaktujte n\u00e1s:&#8230;<\/p>\n","protected":false},"author":2,"featured_media":0,"parent":0,"menu_order":0,"comment_status":"closed","ping_status":"closed","template":"","meta":{"footnotes":""},"class_list":["post-628","page","type-page","status-publish","hentry"],"_links":{"self":[{"href":"https:\/\/lekarentwincity.sk\/index.php\/wp-json\/wp\/v2\/pages\/628","targetHints":{"allow":["GET"]}}],"collection":[{"href":"https:\/\/lekarentwincity.sk\/index.php\/wp-json\/wp\/v2\/pages"}],"about":[{"href":"https:\/\/lekarentwincity.sk\/index.php\/wp-json\/wp\/v2\/types\/page"}],"author":[{"embeddable":true,"href":"https:\/\/lekarentwincity.sk\/index.php\/wp-json\/wp\/v2\/users\/2"}],"replies":[{"embeddable":true,"href":"https:\/\/lekarentwincity.sk\/index.php\/wp-json\/wp\/v2\/comments?post=628"}],"version-history":[{"count":13,"href":"https:\/\/lekarentwincity.sk\/index.php\/wp-json\/wp\/v2\/pages\/628\/revisions"}],"predecessor-version":[{"id":954,"href":"https:\/\/lekarentwincity.sk\/index.php\/wp-json\/wp\/v2\/pages\/628\/revisions\/954"}],"wp:attachment":[{"href":"https:\/\/lekarentwincity.sk\/index.php\/wp-json\/wp\/v2\/media?parent=628"}],"curies":[{"name":"wp","href":"https:\/\/api.w.org\/{rel}","templated":true}]}}