{"id":207,"date":"2021-04-14T07:57:02","date_gmt":"2021-04-14T07:57:02","guid":{"rendered":"https:\/\/bridge427.qodeinteractive.com\/?page_id=207"},"modified":"2024-12-12T11:32:41","modified_gmt":"2024-12-12T10:32:41","slug":"o-nas","status":"publish","type":"page","link":"https:\/\/lekarentwincity.sk\/index.php\/o-nas\/","title":{"rendered":"O n\u00e1s"},"content":{"rendered":"\t\t<div data-elementor-type=\"wp-page\" data-elementor-id=\"207\" class=\"elementor elementor-207\">\n\t\t\t\t\t\t<section class=\"elementor-section elementor-top-section elementor-element elementor-element-678e497 elementor-section-full_width qode_elementor_container_inner elementor-section-height-default elementor-section-height-default parallax_section_no\" data-id=\"678e497\" data-element_type=\"section\" data-e-type=\"section\">\n\t\t\t\t\t\t<div class=\"elementor-container elementor-column-gap-default\">\n\t\t\t\t\t<div class=\"elementor-column elementor-col-50 elementor-top-column elementor-element elementor-element-6d22050\" data-id=\"6d22050\" data-element_type=\"column\" data-e-type=\"column\">\n\t\t\t<div class=\"elementor-widget-wrap elementor-element-populated\">\n\t\t\t\t\t\t<div class=\"elementor-element elementor-element-dbb5f27 elementor-widget elementor-widget-image\" data-id=\"dbb5f27\" data-element_type=\"widget\" data-e-type=\"widget\" data-widget_type=\"image.default\">\n\t\t\t\t<div class=\"elementor-widget-container\">\n\t\t\t\t\t\t\t\t\t\t\t\t\t\t\t<img fetchpriority=\"high\" decoding=\"async\" width=\"2560\" height=\"1205\" src=\"https:\/\/lekarentwincity.sk\/wp-content\/uploads\/2024\/07\/TWIN-CITY_ext-03-scaled.jpg\" class=\"attachment-full size-full wp-image-569\" alt=\"\" srcset=\"https:\/\/lekarentwincity.sk\/wp-content\/uploads\/2024\/07\/TWIN-CITY_ext-03-scaled.jpg 2560w, https:\/\/lekarentwincity.sk\/wp-content\/uploads\/2024\/07\/TWIN-CITY_ext-03-300x141.jpg 300w, https:\/\/lekarentwincity.sk\/wp-content\/uploads\/2024\/07\/TWIN-CITY_ext-03-1024x482.jpg 1024w, https:\/\/lekarentwincity.sk\/wp-content\/uploads\/2024\/07\/TWIN-CITY_ext-03-768x361.jpg 768w, https:\/\/lekarentwincity.sk\/wp-content\/uploads\/2024\/07\/TWIN-CITY_ext-03-1536x723.jpg 1536w, https:\/\/lekarentwincity.sk\/wp-content\/uploads\/2024\/07\/TWIN-CITY_ext-03-2048x964.jpg 2048w, https:\/\/lekarentwincity.sk\/wp-content\/uploads\/2024\/07\/TWIN-CITY_ext-03-700x329.jpg 700w\" sizes=\"(max-width: 2560px) 100vw, 2560px\" \/>\t\t\t\t\t\t\t\t\t\t\t\t\t\t\t<\/div>\n\t\t\t\t<\/div>\n\t\t\t\t<div class=\"elementor-element elementor-element-79a5386 elementor-widget elementor-widget-spacer\" data-id=\"79a5386\" data-element_type=\"widget\" data-e-type=\"widget\" data-widget_type=\"spacer.default\">\n\t\t\t\t<div class=\"elementor-widget-container\">\n\t\t\t\t\t\t\t<div class=\"elementor-spacer\">\n\t\t\t<div class=\"elementor-spacer-inner\"><\/div>\n\t\t<\/div>\n\t\t\t\t\t\t<\/div>\n\t\t\t\t<\/div>\n\t\t\t\t<div class=\"elementor-element elementor-element-d369313 elementor-widget__width-auto elementor-widget elementor-widget-bridge_icon\" data-id=\"d369313\" data-element_type=\"widget\" data-e-type=\"widget\" data-widget_type=\"bridge_icon.default\">\n\t\t\t\t<div class=\"elementor-widget-container\">\n\t\t\t\t\t<span data-type=\"normal\" data-hover-icon-color=\"#887369\" class=\"qode_icon_shortcode  q_font_awsome_icon fa-lg  \" style=\"margin: 0 27px 0 0; \"><a  itemprop=\"url\" href=\"#\" target=\"_blank\"><span aria-hidden=\"true\" class=\"qode-icon-kiko kikor kiko-email-at qode_icon_element\" style=\"font-size: 20px;\" ><\/span><\/a><\/span>\t\t\t\t<\/div>\n\t\t\t\t<\/div>\n\t\t\t\t<div class=\"elementor-element elementor-element-f55e81b elementor-widget__width-auto elementor-widget elementor-widget-bridge_icon\" data-id=\"f55e81b\" data-element_type=\"widget\" data-e-type=\"widget\" data-widget_type=\"bridge_icon.default\">\n\t\t\t\t<div class=\"elementor-widget-container\">\n\t\t\t\t\t<span data-type=\"normal\" data-hover-icon-color=\"#887369\" class=\"qode_icon_shortcode  q_font_awsome_icon fa-lg  \" style=\"margin: 0 27px 0 0; \"><a  itemprop=\"url\" href=\"#\" target=\"_blank\"><span aria-hidden=\"true\" class=\"qode-icon-kiko kikol kiko-music-speaker qode_icon_element\" style=\"font-size: 20px;\" ><\/span><\/a><\/span>\t\t\t\t<\/div>\n\t\t\t\t<\/div>\n\t\t\t\t\t<\/div>\n\t\t<\/div>\n\t\t\t\t<div class=\"elementor-column elementor-col-50 elementor-top-column elementor-element elementor-element-5a81aca\" data-id=\"5a81aca\" data-element_type=\"column\" data-e-type=\"column\">\n\t\t\t<div class=\"elementor-widget-wrap elementor-element-populated\">\n\t\t\t\t\t\t<div class=\"elementor-element elementor-element-ef9481f elementor-widget__width-initial elementor-widget elementor-widget-heading\" data-id=\"ef9481f\" data-element_type=\"widget\" data-e-type=\"widget\" data-widget_type=\"heading.default\">\n\t\t\t\t<div class=\"elementor-widget-container\">\n\t\t\t\t\t<h5 class=\"elementor-heading-title elementor-size-default\">Vitajte na webovej str\u00e1nke na\u0161ej lek\u00e1rne! \nD\u00fafame, \u017ee aj vo virtu\u00e1lnom priestore sa s nami budete c\u00edti\u0165 tak dobre, ako v na\u0161ej kamennej prev\u00e1dzke. N\u00e1\u0161 t\u00edm farmaceutiek tu s\u00edce nie je pr\u00edtomn\u00fd, aby v\u00e1m poradili, ale m\u00f4\u017ee v\u00e1m pom\u00f4c\u0165 vybra\u0165 t\u00fa najlep\u0161iu mo\u017enos\u0165 \u0161it\u00fa pr\u00e1ve pre v\u00e1s in\u00fdm sp\u00f4sobom. Na na\u0161ej str\u00e1nke sme pre v\u00e1s vybrali a spracovali mnoho zauj\u00edmav\u00fdch t\u00e9m, o ktor\u00fdch si budete m\u00f4c\u0165 pre\u010d\u00edta\u0165.<\/h5>\t\t\t\t<\/div>\n\t\t\t\t<\/div>\n\t\t\t\t<div class=\"elementor-element elementor-element-87a466e elementor-widget elementor-widget-spacer\" data-id=\"87a466e\" data-element_type=\"widget\" data-e-type=\"widget\" data-widget_type=\"spacer.default\">\n\t\t\t\t<div class=\"elementor-widget-container\">\n\t\t\t\t\t\t\t<div class=\"elementor-spacer\">\n\t\t\t<div class=\"elementor-spacer-inner\"><\/div>\n\t\t<\/div>\n\t\t\t\t\t\t<\/div>\n\t\t\t\t<\/div>\n\t\t\t\t<div class=\"elementor-element elementor-element-3f8962a elementor-widget__width-initial elementor-widget elementor-widget-text-editor\" data-id=\"3f8962a\" data-element_type=\"widget\" data-e-type=\"widget\" data-widget_type=\"text-editor.default\">\n\t\t\t\t<div class=\"elementor-widget-container\">\n\t\t\t\t\t\t\t\t\t<p class=\"western\" align=\"justify\"><span style=\"font-family: Cambria, serif;\"><span style=\"font-size: medium;\"><b>M\u00f4\u017eete sa taktie\u017e obozn\u00e1mi\u0165 s na\u0161\u00edm vernostn\u00fdm programom, dozvedie\u0165 sa viac o povinnom i nepovinnom o\u010dkovan\u00ed, na\u0161ich doplnkov\u00fdch slu\u017eb\u00e1ch a pripravujeme pre V\u00e1s aj jedine\u010dn\u00fd Spotify playlist, pln\u00fd na\u0161ich ob\u013e\u00faben\u00fdch piesn\u00ed. <\/b><\/span><\/span><\/p>\t\t\t\t\t\t\t\t<\/div>\n\t\t\t\t<\/div>\n\t\t\t\t<div class=\"elementor-element elementor-element-41fbfde elementor-widget elementor-widget-spacer\" data-id=\"41fbfde\" data-element_type=\"widget\" data-e-type=\"widget\" data-widget_type=\"spacer.default\">\n\t\t\t\t<div class=\"elementor-widget-container\">\n\t\t\t\t\t\t\t<div class=\"elementor-spacer\">\n\t\t\t<div class=\"elementor-spacer-inner\"><\/div>\n\t\t<\/div>\n\t\t\t\t\t\t<\/div>\n\t\t\t\t<\/div>\n\t\t\t\t<div class=\"elementor-element elementor-element-570480f elementor-widget elementor-widget-text-editor\" data-id=\"570480f\" data-element_type=\"widget\" data-e-type=\"widget\" data-widget_type=\"text-editor.default\">\n\t\t\t\t<div class=\"elementor-widget-container\">\n\t\t\t\t\t\t\t\t\t<p class=\"western\" align=\"justify\"><span style=\"font-family: Cambria, serif;\"><span style=\"font-size: medium;\">Lek\u00e1re\u0148 Twin City po prv\u00fd kr\u00e1t otvorila svoje dvere pre pacientov v septembri roku 2016. Boli sme jednou z prv\u00fdch prev\u00e1dzok vo vtedy e\u0161te skoro pr\u00e1zdnom objekte Twin City blok A. Tomuto d\u00e1tumu predch\u00e1dzalo mno\u017estvo mesiacov pr\u00edprav a dola\u010fovania detailov, aby sme pre v\u00e1s prichystali nielen pr\u00edjemn\u00e9 prostredie, kde sa budete radi vraca\u0165, ale hlavne \u0161irok\u00e9 portf\u00f3lio kvalitn\u00fdch produktov a zna\u010diek pre v\u0161etky va\u0161e potreby. <\/span><\/span><\/p>\t\t\t\t\t\t\t\t<\/div>\n\t\t\t\t<\/div>\n\t\t\t\t<div class=\"elementor-element elementor-element-57ba512 elementor-widget elementor-widget-spacer\" data-id=\"57ba512\" data-element_type=\"widget\" data-e-type=\"widget\" data-widget_type=\"spacer.default\">\n\t\t\t\t<div class=\"elementor-widget-container\">\n\t\t\t\t\t\t\t<div class=\"elementor-spacer\">\n\t\t\t<div class=\"elementor-spacer-inner\"><\/div>\n\t\t<\/div>\n\t\t\t\t\t\t<\/div>\n\t\t\t\t<\/div>\n\t\t\t\t<div class=\"elementor-element elementor-element-71a1ede elementor-widget elementor-widget-text-editor\" data-id=\"71a1ede\" data-element_type=\"widget\" data-e-type=\"widget\" data-widget_type=\"text-editor.default\">\n\t\t\t\t<div class=\"elementor-widget-container\">\n\t\t\t\t\t\t\t\t\t<p class=\"western\" align=\"justify\"><span style=\"font-family: Cambria, serif;\"><span style=\"font-size: medium;\">Lek\u00e1re\u0148 sa nach\u00e1dza na pomedz\u00ed Star\u00e9ho mesta a Ru\u017einova v novo vybudovanej \u0161tvrti Nivy na \u00fazem\u00ed b\u00fdvalej tov\u00e1rne na k\u00e1ble. Kr\u00e1tkou prech\u00e1dzkou sa od n\u00e1s viete dosta\u0165 na nov\u00fa autobusov\u00fa stanicu a do dvoch obchodn\u00fdch centier \u2013 Eurovea a Nivy. <\/span><\/span><\/p>\t\t\t\t\t\t\t\t<\/div>\n\t\t\t\t<\/div>\n\t\t\t\t<div class=\"elementor-element elementor-element-3174c89 elementor-widget elementor-widget-text-editor\" data-id=\"3174c89\" data-element_type=\"widget\" data-e-type=\"widget\" data-widget_type=\"text-editor.default\">\n\t\t\t\t<div class=\"elementor-widget-container\">\n\t\t\t\t\t\t\t\t\t<p class=\"western\" align=\"justify\"><span style=\"font-family: Cambria, serif;\"><span style=\"font-size: medium;\">Od ru\u0161n\u00fdch ciest n\u00e1s odde\u013euje zelen\u00e1 alej stromov a pri\u013eahl\u00e9 men\u0161ie parkovisko. Ak sa n\u00e1s rozhodnete nav\u0161t\u00edvi\u0165 na aute, toto parkovisko je v\u00e1m k dispoz\u00edcii na kr\u00e1tkodob\u00e9 parkovanie. V pr\u00edpade dlh\u0161ej n\u00e1v\u0161tevy komplexu Twin City je mo\u017en\u00e9 parkova\u0165 vo verejnej podzemnej gar\u00e1\u017ei v bloku B. Vjazd do gar\u00e1\u017ee je zo zadnej strany budovy (Tov\u00e1rensk\u00e1 ulica). <\/span><\/span><\/p>\t\t\t\t\t\t\t\t<\/div>\n\t\t\t\t<\/div>\n\t\t\t\t<div class=\"elementor-element elementor-element-d50fbd7 elementor-widget elementor-widget-spacer\" data-id=\"d50fbd7\" data-element_type=\"widget\" data-e-type=\"widget\" data-widget_type=\"spacer.default\">\n\t\t\t\t<div class=\"elementor-widget-container\">\n\t\t\t\t\t\t\t<div class=\"elementor-spacer\">\n\t\t\t<div class=\"elementor-spacer-inner\"><\/div>\n\t\t<\/div>\n\t\t\t\t\t\t<\/div>\n\t\t\t\t<\/div>\n\t\t\t\t<div class=\"elementor-element elementor-element-9ee2f3d elementor-widget__width-initial elementor-widget elementor-widget-text-editor\" data-id=\"9ee2f3d\" data-element_type=\"widget\" data-e-type=\"widget\" data-widget_type=\"text-editor.default\">\n\t\t\t\t<div class=\"elementor-widget-container\">\n\t\t\t\t\t\t\t\t\t<p class=\"western\" align=\"justify\"><span style=\"font-family: Cambria, serif;\"><span style=\"font-size: medium;\">Len p\u00e1r dver\u00ed od na\u0161ej lek\u00e1rne sa nach\u00e1dzaj\u00fa aj pacientmi \u010dasto vyh\u013ead\u00e1van\u00e9 zdravotn\u00edcke pom\u00f4cky Thuasne. Ne\u010faleko, na ulici \u010culenova viete n\u00e1js\u0165 zubn\u00fa ambulanciu MUDr. Viera Klugov\u00e1 a ambulanciu praktick\u00e9ho lek\u00e1ra pre dospel\u00fdch MUDr. Katar\u00edna Palugyayov\u00e1. \u010casto dost\u00e1vame aj ot\u00e1zku na polohu O\u010dnej kliniky Vesel\u00fd \u2013 t\u00e1 sa nach\u00e1dza takmer na druhom konci Karad\u017ei\u010dovej ulice v priestoroch budovy CBC 5 (zast\u00e1vka \u0160olt\u00e9sovej). <\/span><\/span><\/p>\t\t\t\t\t\t\t\t<\/div>\n\t\t\t\t<\/div>\n\t\t\t\t<div class=\"elementor-element elementor-element-38ca087 elementor-widget elementor-widget-text-editor\" data-id=\"38ca087\" data-element_type=\"widget\" data-e-type=\"widget\" data-widget_type=\"text-editor.default\">\n\t\t\t\t<div class=\"elementor-widget-container\">\n\t\t\t\t\t\t\t\t\t<p class=\"western\" align=\"justify\"><span style=\"font-family: Cambria, serif;\"><span style=\"font-size: medium;\">Na\u0161u lek\u00e1re\u0148 n\u00e1jdete bl\u00edzko zast\u00e1vky \u010culenova, kde sa m\u00f4\u017eete dosta\u0165 \u010di u\u017e autobusom, alebo vybran\u00fdmi trolejbusmi. <\/span><\/span><\/p><p class=\"western\" align=\"justify\"><span style=\"font-family: Cambria, serif;\"><span style=\"font-size: medium;\">Prostredie okolo lek\u00e1rne sa e\u0161te st\u00e1le men\u00ed a vyv\u00edja \u2013 nie\u010do vznik\u00e1, nie\u010do naopak zanik\u00e1 &#8211; \u010do je ale nemenn\u00e9 je, \u017ee sme tu pre v\u00e1s a v\u017edy v\u00e1m radi porad\u00edme v r\u00e1mci na\u0161ich otv\u00e1rac\u00edch hod\u00edn a jazykov\u00fdch schopnost\u00ed. Vieme sa dohovori\u0165 anglicky a nemecky. Pr\u00ed\u010fte sa k n\u00e1m pozrie\u0165 sami, s va\u0161imi kolegami, alebo mal\u00fdmi ratoles\u0165ami &#8211; na\u0161a lek\u00e1re\u0148 je pre ka\u017ed\u00e9ho.<\/span><\/span><\/p>\t\t\t\t\t\t\t\t<\/div>\n\t\t\t\t<\/div>\n\t\t\t\t\t<\/div>\n\t\t<\/div>\n\t\t\t\t\t<\/div>\n\t\t<\/section>\n\t\t<div class=\"elementor-element elementor-element-33b7e4a e-flex e-con-boxed parallax_section_no qode_elementor_container_no e-con e-parent\" data-id=\"33b7e4a\" data-element_type=\"container\" data-e-type=\"container\">\n\t\t\t\t\t<div class=\"e-con-inner\">\n\t\t\t\t<div class=\"elementor-element elementor-element-98d7de9 elementor-widget elementor-widget-google_maps\" data-id=\"98d7de9\" data-element_type=\"widget\" data-e-type=\"widget\" data-widget_type=\"google_maps.default\">\n\t\t\t\t<div class=\"elementor-widget-container\">\n\t\t\t\t\t\t\t<div class=\"elementor-custom-embed\">\n\t\t\t<iframe loading=\"lazy\"\n\t\t\t\t\tsrc=\"https:\/\/www.google.com\/maps\/embed\/v1\/place?key=AIzaSyCjp5wN6HHp-BR5EJw47HUXQPGt-s33BwU&#038;q=Pharmacy%20TWIN%20CITY&#038;zoom=17\"\n\t\t\t\t\ttitle=\"Pharmacy TWIN CITY\"\n\t\t\t\t\taria-label=\"Pharmacy TWIN CITY\"\n\t\t\t><\/iframe>\n\t\t<\/div>\n\t\t\t\t\t\t<\/div>\n\t\t\t\t<\/div>\n\t\t\t\t\t<\/div>\n\t\t\t\t<\/div>\n\t\t\t\t<\/div>\n\t\t","protected":false},"excerpt":{"rendered":"<p>Vitajte na webovej str\u00e1nke na\u0161ej lek\u00e1rne! D\u00fafame, \u017ee aj vo virtu\u00e1lnom priestore sa s nami budete c\u00edti\u0165 tak dobre, ako v na\u0161ej kamennej prev\u00e1dzke. N\u00e1\u0161 t\u00edm farmaceutiek tu s\u00edce nie je pr\u00edtomn\u00fd, aby v\u00e1m poradili, ale m\u00f4\u017ee v\u00e1m pom\u00f4c\u0165 vybra\u0165 t\u00fa najlep\u0161iu mo\u017enos\u0165 \u0161it\u00fa pr\u00e1ve&#8230;<\/p>\n","protected":false},"author":2,"featured_media":0,"parent":0,"menu_order":0,"comment_status":"closed","ping_status":"closed","template":"full_width.php","meta":{"footnotes":""},"class_list":["post-207","page","type-page","status-publish","hentry"],"_links":{"self":[{"href":"https:\/\/lekarentwincity.sk\/index.php\/wp-json\/wp\/v2\/pages\/207","targetHints":{"allow":["GET"]}}],"collection":[{"href":"https:\/\/lekarentwincity.sk\/index.php\/wp-json\/wp\/v2\/pages"}],"about":[{"href":"https:\/\/lekarentwincity.sk\/index.php\/wp-json\/wp\/v2\/types\/page"}],"author":[{"embeddable":true,"href":"https:\/\/lekarentwincity.sk\/index.php\/wp-json\/wp\/v2\/users\/2"}],"replies":[{"embeddable":true,"href":"https:\/\/lekarentwincity.sk\/index.php\/wp-json\/wp\/v2\/comments?post=207"}],"version-history":[{"count":31,"href":"https:\/\/lekarentwincity.sk\/index.php\/wp-json\/wp\/v2\/pages\/207\/revisions"}],"predecessor-version":[{"id":1271,"href":"https:\/\/lekarentwincity.sk\/index.php\/wp-json\/wp\/v2\/pages\/207\/revisions\/1271"}],"wp:attachment":[{"href":"https:\/\/lekarentwincity.sk\/index.php\/wp-json\/wp\/v2\/media?parent=207"}],"curies":[{"name":"wp","href":"https:\/\/api.w.org\/{rel}","templated":true}]}}